{"id":58,"date":"2026-05-04T08:45:18","date_gmt":"2026-05-04T08:45:18","guid":{"rendered":"https:\/\/lsholding-group.mg\/?page_id=58"},"modified":"2026-05-05T07:04:35","modified_gmt":"2026-05-05T07:04:35","slug":"58-2","status":"publish","type":"page","link":"https:\/\/lsholding-group.mg\/index.php\/58-2\/","title":{"rendered":""},"content":{"rendered":"\n<p class=\"has-text-align-center\"><strong>L\u2019excellence au service de vos saveurs<\/strong><\/p>\n\n\n\n<figure class=\"wp-block-image alignfull size-large\"><img loading=\"lazy\" decoding=\"async\" width=\"1024\" height=\"541\" src=\"https:\/\/lsholding-group.mg\/wp-content\/uploads\/2026\/05\/SAC-A-DOS-1024x541.jpg\" alt=\"\" class=\"wp-image-99\" srcset=\"https:\/\/lsholding-group.mg\/wp-content\/uploads\/2026\/05\/SAC-A-DOS-1024x541.jpg 1024w, https:\/\/lsholding-group.mg\/wp-content\/uploads\/2026\/05\/SAC-A-DOS-300x158.jpg 300w, https:\/\/lsholding-group.mg\/wp-content\/uploads\/2026\/05\/SAC-A-DOS-768x406.jpg 768w, https:\/\/lsholding-group.mg\/wp-content\/uploads\/2026\/05\/SAC-A-DOS-1536x811.jpg 1536w, https:\/\/lsholding-group.mg\/wp-content\/uploads\/2026\/05\/SAC-A-DOS-2048x1081.jpg 2048w\" sizes=\"auto, (max-width: 1024px) 100vw, 1024px\" \/><\/figure>\n\n\n\n<blockquote class=\"wp-block-quote alignwide has-text-align-center is-layout-flow wp-block-quote-is-layout-flow\">\n<p class=\"has-text-align-center\"><strong>L&amp;S HOLDING GROUP<\/strong> est sp\u00e9cialis\u00e9e dans la <strong>vente et l\u2019exportation d\u2019\u00e9pices de Madagascar<\/strong>, reconnues pour leur qualit\u00e9 exceptionnelle et leur richesse aromatique. Acc\u00e9dez \u00e0 des \u00e9pices authentiques et comp\u00e9titives, r\u00e9pondant aux standards du march\u00e9 mondial.<\/p>\n<\/blockquote>\n\n\n\n<figure class=\"wp-block-image size-large\"><img loading=\"lazy\" decoding=\"async\" width=\"1024\" height=\"316\" src=\"https:\/\/lsholding-group.mg\/wp-content\/uploads\/2026\/05\/SPICIES-MADAGASCAR-FOND-SITE-OK-1024x316.jpg\" alt=\"\" class=\"wp-image-143\" srcset=\"https:\/\/lsholding-group.mg\/wp-content\/uploads\/2026\/05\/SPICIES-MADAGASCAR-FOND-SITE-OK-1024x316.jpg 1024w, https:\/\/lsholding-group.mg\/wp-content\/uploads\/2026\/05\/SPICIES-MADAGASCAR-FOND-SITE-OK-300x93.jpg 300w, https:\/\/lsholding-group.mg\/wp-content\/uploads\/2026\/05\/SPICIES-MADAGASCAR-FOND-SITE-OK-768x237.jpg 768w, https:\/\/lsholding-group.mg\/wp-content\/uploads\/2026\/05\/SPICIES-MADAGASCAR-FOND-SITE-OK.jpg 1070w\" sizes=\"auto, (max-width: 1024px) 100vw, 1024px\" \/><\/figure>\n\n\n\n<div class=\"wp-block-group alignfull has-global-padding is-layout-constrained wp-block-group-is-layout-constrained\" style=\"margin-top:0;margin-bottom:0\">\n<div class=\"wp-block-buttons is-content-justification-center is-layout-flex wp-container-core-buttons-is-layout-a89b3969 wp-block-buttons-is-layout-flex\">\n<div class=\"wp-block-button is-style-fill\"><a class=\"wp-block-button__link has-text-align-center wp-element-button\" href=\"https:\/\/lsholding-group.mg\/index.php\/2026\/05\/05\/__trashed\/\">NOS \u00c9PICES D\u2019EXCEPTION<\/a><\/div>\n<\/div>\n\n\n\n<div class=\"wp-block-group alignwide is-layout-grid wp-container-core-group-is-layout-5fdb10e5 wp-block-group-is-layout-grid\" style=\"padding-top:var(--wp--preset--spacing--50);padding-bottom:var(--wp--preset--spacing--50)\">\n<figure class=\"wp-block-image size-full wp-container-content-5fd69529\"><img loading=\"lazy\" decoding=\"async\" width=\"1709\" height=\"2560\" src=\"https:\/\/lsholding-group.mg\/wp-content\/uploads\/2026\/05\/ALL-SPICIES-scaled.jpg\" alt=\"\" class=\"wp-image-68\" style=\"aspect-ratio:3\/4;object-fit:cover\" srcset=\"https:\/\/lsholding-group.mg\/wp-content\/uploads\/2026\/05\/ALL-SPICIES-scaled.jpg 1709w, https:\/\/lsholding-group.mg\/wp-content\/uploads\/2026\/05\/ALL-SPICIES-200x300.jpg 200w, https:\/\/lsholding-group.mg\/wp-content\/uploads\/2026\/05\/ALL-SPICIES-683x1024.jpg 683w, https:\/\/lsholding-group.mg\/wp-content\/uploads\/2026\/05\/ALL-SPICIES-768x1151.jpg 768w, https:\/\/lsholding-group.mg\/wp-content\/uploads\/2026\/05\/ALL-SPICIES-1025x1536.jpg 1025w, https:\/\/lsholding-group.mg\/wp-content\/uploads\/2026\/05\/ALL-SPICIES-1367x2048.jpg 1367w\" sizes=\"auto, (max-width: 1709px) 100vw, 1709px\" \/><\/figure>\n\n\n\n<div class=\"wp-block-group is-vertical is-content-justification-stretch is-nowrap is-layout-flex wp-container-core-group-is-layout-627337ab wp-block-group-is-layout-flex\">\n<div class=\"wp-block-group is-vertical is-content-justification-center is-layout-flex wp-container-core-group-is-layout-b6c1f246 wp-block-group-is-layout-flex\">\n<p class=\"is-style-text-subtitle is-style-text-subtitle--1\"><\/p>\n\n\n\n<p class=\"has-text-align-left\"><\/p>\n\n\n\n<hr class=\"wp-block-separator has-alpha-channel-opacity\"\/>\n\n\n\n<p class=\"has-text-align-center\">Nous mettons \u00e0 votre disposition des produits soigneusement s\u00e9lectionn\u00e9s, destin\u00e9s aux march\u00e9s internationaux comme aux professionnels exigeants.<\/p>\n\n\n\n<p class=\"has-text-align-center\">Chez <strong>L&amp;S HOLDING GROUP<\/strong>, notre priorit\u00e9 est de garantir \u00e0 nos clients des \u00e9pices de Madagascar r\u00e9pondant aux plus hauts standards de qualit\u00e9 et d\u2019exigence du march\u00e9 international.<\/p>\n\n\n\n<p class=\"has-text-align-center\"><strong>Qualit\u00e9 premium contr\u00f4l\u00e9e \u00e0 chaque \u00e9tape<\/strong><br>Nous appliquons une s\u00e9lection rigoureuse depuis la r\u00e9colte jusqu\u2019au conditionnement. Chaque lot est tri\u00e9, v\u00e9rifi\u00e9 et pr\u00e9par\u00e9 afin d\u2019assurer une qualit\u00e9 constante, conforme aux attentes des professionnels.<\/p>\n\n\n\n<p class=\"has-text-align-center\"><strong>Origine 100% Madagascar, tra\u00e7abilit\u00e9 assur\u00e9e<\/strong><br>Nos \u00e9pices proviennent directement des meilleures zones de production de Madagascar. Nous garantissons une transparence totale sur l\u2019origine et le traitement de nos produits.<\/p>\n<\/div>\n<\/div>\n<\/div>\n\n\n\n<figure class=\"wp-block-image alignfull size-large\"><img loading=\"lazy\" decoding=\"async\" width=\"1024\" height=\"219\" src=\"https:\/\/lsholding-group.mg\/wp-content\/uploads\/2026\/05\/BAIE-ROSE-BANNIERE-1024x219.jpg\" alt=\"\" class=\"wp-image-81\" srcset=\"https:\/\/lsholding-group.mg\/wp-content\/uploads\/2026\/05\/BAIE-ROSE-BANNIERE-1024x219.jpg 1024w, https:\/\/lsholding-group.mg\/wp-content\/uploads\/2026\/05\/BAIE-ROSE-BANNIERE-300x64.jpg 300w, https:\/\/lsholding-group.mg\/wp-content\/uploads\/2026\/05\/BAIE-ROSE-BANNIERE-768x164.jpg 768w, https:\/\/lsholding-group.mg\/wp-content\/uploads\/2026\/05\/BAIE-ROSE-BANNIERE-1536x329.jpg 1536w, https:\/\/lsholding-group.mg\/wp-content\/uploads\/2026\/05\/BAIE-ROSE-BANNIERE.jpg 1542w\" sizes=\"auto, (max-width: 1024px) 100vw, 1024px\" \/><\/figure>\n\n\n\n<div class=\"wp-block-group alignwide is-layout-grid wp-container-core-group-is-layout-5fdb10e5 wp-block-group-is-layout-grid\" style=\"padding-top:var(--wp--preset--spacing--50);padding-bottom:var(--wp--preset--spacing--50)\">\n<div class=\"wp-block-group wp-container-content-5fd69529 is-nowrap is-layout-flex wp-container-core-group-is-layout-c1740a5a wp-block-group-is-layout-flex\">\n<div class=\"wp-block-group is-vertical is-content-justification-center is-layout-flex wp-container-core-group-is-layout-ce155fab wp-block-group-is-layout-flex\">\n<p class=\"has-text-align-left\"><\/p>\n\n\n\n<p class=\"has-text-align-center\"><strong>Respect des normes internationales d\u2019exportation<\/strong><br>Nos moyens de pr\u00e9paration, d\u2019emballage et d\u2019exp\u00e9dition respectent les exigences du commerce international, afin de garantir des livraisons s\u00e9curis\u00e9es et conformes aux r\u00e9glementations en vigueur.<\/p>\n\n\n\n<p class=\"has-text-align-center\"><strong>Flexibilit\u00e9 et solutions sur mesure<\/strong><br>Nous proposons des offres adapt\u00e9es \u00e0 vos besoins : vente en gros, commandes personnalis\u00e9es, conditionnement sp\u00e9cifique et logistique optimis\u00e9e.<\/p>\n\n\n\n<p class=\"has-text-align-center\"><strong>Fiabilit\u00e9 logistique et respect des d\u00e9lais<\/strong><br>Gr\u00e2ce \u00e0 une organisation ma\u00eetris\u00e9e, nous assurons un suivi rigoureux des commandes et des d\u00e9lais de livraison, essentiels pour nos partenaires \u00e0 l\u2019international.<\/p>\n\n\n\n<p><\/p>\n\n\n\n<p><\/p>\n<\/div>\n<\/div>\n\n\n\n<figure class=\"wp-block-image size-full wp-container-content-5fd69529\"><img loading=\"lazy\" decoding=\"async\" width=\"2560\" height=\"1440\" src=\"https:\/\/lsholding-group.mg\/wp-content\/uploads\/2026\/05\/Vanille-scaled.jpg\" alt=\"\" class=\"wp-image-71\" style=\"aspect-ratio:3\/4;object-fit:cover\" srcset=\"https:\/\/lsholding-group.mg\/wp-content\/uploads\/2026\/05\/Vanille-scaled.jpg 2560w, https:\/\/lsholding-group.mg\/wp-content\/uploads\/2026\/05\/Vanille-300x169.jpg 300w, https:\/\/lsholding-group.mg\/wp-content\/uploads\/2026\/05\/Vanille-1024x576.jpg 1024w, https:\/\/lsholding-group.mg\/wp-content\/uploads\/2026\/05\/Vanille-768x432.jpg 768w, https:\/\/lsholding-group.mg\/wp-content\/uploads\/2026\/05\/Vanille-1536x864.jpg 1536w, https:\/\/lsholding-group.mg\/wp-content\/uploads\/2026\/05\/Vanille-2048x1152.jpg 2048w\" sizes=\"auto, (max-width: 2560px) 100vw, 2560px\" \/><\/figure>\n<\/div>\n<\/div>\n","protected":false},"excerpt":{"rendered":"<p>L\u2019excellence au service de vos saveurs L&amp;S HOLDING GROUP est sp\u00e9cialis\u00e9e dans la vente et l\u2019exportation d\u2019\u00e9pices de Madagascar, reconnues pour leur qualit\u00e9 exceptionnelle et leur richesse aromatique. Acc\u00e9dez \u00e0 des \u00e9pices authentiques et comp\u00e9titives, r\u00e9pondant aux standards du march\u00e9 mondial. Nous mettons \u00e0 votre disposition des produits soigneusement s\u00e9lectionn\u00e9s, destin\u00e9s aux march\u00e9s internationaux comme [&hellip;]<\/p>\n","protected":false},"author":1,"featured_media":60,"parent":0,"menu_order":0,"comment_status":"closed","ping_status":"closed","template":"","meta":{"footnotes":""},"class_list":["post-58","page","type-page","status-publish","has-post-thumbnail","hentry"],"yoast_head":"<!-- This site is optimized with the Yoast SEO plugin v27.2 - https:\/\/yoast.com\/product\/yoast-seo-wordpress\/ -->\n<title>- L&amp;S HOLDING GROUP<\/title>\n<meta name=\"robots\" content=\"index, follow, max-snippet:-1, max-image-preview:large, max-video-preview:-1\" \/>\n<link rel=\"canonical\" href=\"https:\/\/lsholding-group.mg\/index.php\/58-2\/\" \/>\n<meta property=\"og:locale\" content=\"fr_FR\" \/>\n<meta property=\"og:type\" content=\"article\" \/>\n<meta property=\"og:title\" content=\"- L&amp;S HOLDING GROUP\" \/>\n<meta property=\"og:description\" content=\"L\u2019excellence au service de vos saveurs L&amp;S HOLDING GROUP est sp\u00e9cialis\u00e9e dans la vente et l\u2019exportation d\u2019\u00e9pices de Madagascar, reconnues pour leur qualit\u00e9 exceptionnelle et leur richesse aromatique. Acc\u00e9dez \u00e0 des \u00e9pices authentiques et comp\u00e9titives, r\u00e9pondant aux standards du march\u00e9 mondial. Nous mettons \u00e0 votre disposition des produits soigneusement s\u00e9lectionn\u00e9s, destin\u00e9s aux march\u00e9s internationaux comme [&hellip;]\" \/>\n<meta property=\"og:url\" content=\"https:\/\/lsholding-group.mg\/index.php\/58-2\/\" \/>\n<meta property=\"og:site_name\" content=\"L&amp;S HOLDING GROUP\" \/>\n<meta property=\"article:modified_time\" content=\"2026-05-05T07:04:35+00:00\" \/>\n<meta property=\"og:image\" content=\"https:\/\/lsholding-group.mg\/wp-content\/uploads\/2026\/05\/Sans-titre-1-scaled.jpg\" \/>\n\t<meta property=\"og:image:width\" content=\"2560\" \/>\n\t<meta property=\"og:image:height\" content=\"260\" \/>\n\t<meta property=\"og:image:type\" content=\"image\/jpeg\" \/>\n<meta name=\"twitter:card\" content=\"summary_large_image\" \/>\n<meta name=\"twitter:label1\" content=\"Dur\u00e9e de lecture estim\u00e9e\" \/>\n\t<meta name=\"twitter:data1\" content=\"3 minutes\" \/>\n<script type=\"application\/ld+json\" class=\"yoast-schema-graph\">{\"@context\":\"https:\/\/schema.org\",\"@graph\":[{\"@type\":\"WebPage\",\"@id\":\"https:\/\/lsholding-group.mg\/index.php\/58-2\/\",\"url\":\"https:\/\/lsholding-group.mg\/index.php\/58-2\/\",\"name\":\"- L&amp;S HOLDING GROUP\",\"isPartOf\":{\"@id\":\"https:\/\/lsholding-group.mg\/#website\"},\"primaryImageOfPage\":{\"@id\":\"https:\/\/lsholding-group.mg\/index.php\/58-2\/#primaryimage\"},\"image\":{\"@id\":\"https:\/\/lsholding-group.mg\/index.php\/58-2\/#primaryimage\"},\"thumbnailUrl\":\"https:\/\/lsholding-group.mg\/wp-content\/uploads\/2026\/05\/Sans-titre-1-scaled.jpg\",\"datePublished\":\"2026-05-04T08:45:18+00:00\",\"dateModified\":\"2026-05-05T07:04:35+00:00\",\"inLanguage\":\"fr-FR\",\"potentialAction\":[{\"@type\":\"ReadAction\",\"target\":[\"https:\/\/lsholding-group.mg\/index.php\/58-2\/\"]}]},{\"@type\":\"ImageObject\",\"inLanguage\":\"fr-FR\",\"@id\":\"https:\/\/lsholding-group.mg\/index.php\/58-2\/#primaryimage\",\"url\":\"https:\/\/lsholding-group.mg\/wp-content\/uploads\/2026\/05\/Sans-titre-1-scaled.jpg\",\"contentUrl\":\"https:\/\/lsholding-group.mg\/wp-content\/uploads\/2026\/05\/Sans-titre-1-scaled.jpg\",\"width\":2560,\"height\":260},{\"@type\":\"WebSite\",\"@id\":\"https:\/\/lsholding-group.mg\/#website\",\"url\":\"https:\/\/lsholding-group.mg\/\",\"name\":\"L&amp;S HOLDING GROUP\",\"description\":\"Votre solution n\u00e9goce en import-export\",\"publisher\":{\"@id\":\"https:\/\/lsholding-group.mg\/#organization\"},\"potentialAction\":[{\"@type\":\"SearchAction\",\"target\":{\"@type\":\"EntryPoint\",\"urlTemplate\":\"https:\/\/lsholding-group.mg\/?s={search_term_string}\"},\"query-input\":{\"@type\":\"PropertyValueSpecification\",\"valueRequired\":true,\"valueName\":\"search_term_string\"}}],\"inLanguage\":\"fr-FR\"},{\"@type\":\"Organization\",\"@id\":\"https:\/\/lsholding-group.mg\/#organization\",\"name\":\"L&amp;S HOLDING GROUP\",\"url\":\"https:\/\/lsholding-group.mg\/\",\"logo\":{\"@type\":\"ImageObject\",\"inLanguage\":\"fr-FR\",\"@id\":\"https:\/\/lsholding-group.mg\/#\/schema\/logo\/image\/\",\"url\":\"https:\/\/lsholding-group.mg\/wp-content\/uploads\/2026\/03\/LS-HOLDING-PROFIL.jpg\",\"contentUrl\":\"https:\/\/lsholding-group.mg\/wp-content\/uploads\/2026\/03\/LS-HOLDING-PROFIL.jpg\",\"width\":288,\"height\":288,\"caption\":\"L&amp;S HOLDING GROUP\"},\"image\":{\"@id\":\"https:\/\/lsholding-group.mg\/#\/schema\/logo\/image\/\"}}]}<\/script>\n<!-- \/ Yoast SEO plugin. -->","yoast_head_json":{"title":"- L&amp;S HOLDING GROUP","robots":{"index":"index","follow":"follow","max-snippet":"max-snippet:-1","max-image-preview":"max-image-preview:large","max-video-preview":"max-video-preview:-1"},"canonical":"https:\/\/lsholding-group.mg\/index.php\/58-2\/","og_locale":"fr_FR","og_type":"article","og_title":"- L&amp;S HOLDING GROUP","og_description":"L\u2019excellence au service de vos saveurs L&amp;S HOLDING GROUP est sp\u00e9cialis\u00e9e dans la vente et l\u2019exportation d\u2019\u00e9pices de Madagascar, reconnues pour leur qualit\u00e9 exceptionnelle et leur richesse aromatique. Acc\u00e9dez \u00e0 des \u00e9pices authentiques et comp\u00e9titives, r\u00e9pondant aux standards du march\u00e9 mondial. Nous mettons \u00e0 votre disposition des produits soigneusement s\u00e9lectionn\u00e9s, destin\u00e9s aux march\u00e9s internationaux comme [&hellip;]","og_url":"https:\/\/lsholding-group.mg\/index.php\/58-2\/","og_site_name":"L&amp;S HOLDING GROUP","article_modified_time":"2026-05-05T07:04:35+00:00","og_image":[{"width":2560,"height":260,"url":"https:\/\/lsholding-group.mg\/wp-content\/uploads\/2026\/05\/Sans-titre-1-scaled.jpg","type":"image\/jpeg"}],"twitter_card":"summary_large_image","twitter_misc":{"Dur\u00e9e de lecture estim\u00e9e":"3 minutes"},"schema":{"@context":"https:\/\/schema.org","@graph":[{"@type":"WebPage","@id":"https:\/\/lsholding-group.mg\/index.php\/58-2\/","url":"https:\/\/lsholding-group.mg\/index.php\/58-2\/","name":"- L&amp;S HOLDING GROUP","isPartOf":{"@id":"https:\/\/lsholding-group.mg\/#website"},"primaryImageOfPage":{"@id":"https:\/\/lsholding-group.mg\/index.php\/58-2\/#primaryimage"},"image":{"@id":"https:\/\/lsholding-group.mg\/index.php\/58-2\/#primaryimage"},"thumbnailUrl":"https:\/\/lsholding-group.mg\/wp-content\/uploads\/2026\/05\/Sans-titre-1-scaled.jpg","datePublished":"2026-05-04T08:45:18+00:00","dateModified":"2026-05-05T07:04:35+00:00","inLanguage":"fr-FR","potentialAction":[{"@type":"ReadAction","target":["https:\/\/lsholding-group.mg\/index.php\/58-2\/"]}]},{"@type":"ImageObject","inLanguage":"fr-FR","@id":"https:\/\/lsholding-group.mg\/index.php\/58-2\/#primaryimage","url":"https:\/\/lsholding-group.mg\/wp-content\/uploads\/2026\/05\/Sans-titre-1-scaled.jpg","contentUrl":"https:\/\/lsholding-group.mg\/wp-content\/uploads\/2026\/05\/Sans-titre-1-scaled.jpg","width":2560,"height":260},{"@type":"WebSite","@id":"https:\/\/lsholding-group.mg\/#website","url":"https:\/\/lsholding-group.mg\/","name":"L&amp;S HOLDING GROUP","description":"Votre solution n\u00e9goce en import-export","publisher":{"@id":"https:\/\/lsholding-group.mg\/#organization"},"potentialAction":[{"@type":"SearchAction","target":{"@type":"EntryPoint","urlTemplate":"https:\/\/lsholding-group.mg\/?s={search_term_string}"},"query-input":{"@type":"PropertyValueSpecification","valueRequired":true,"valueName":"search_term_string"}}],"inLanguage":"fr-FR"},{"@type":"Organization","@id":"https:\/\/lsholding-group.mg\/#organization","name":"L&amp;S HOLDING GROUP","url":"https:\/\/lsholding-group.mg\/","logo":{"@type":"ImageObject","inLanguage":"fr-FR","@id":"https:\/\/lsholding-group.mg\/#\/schema\/logo\/image\/","url":"https:\/\/lsholding-group.mg\/wp-content\/uploads\/2026\/03\/LS-HOLDING-PROFIL.jpg","contentUrl":"https:\/\/lsholding-group.mg\/wp-content\/uploads\/2026\/03\/LS-HOLDING-PROFIL.jpg","width":288,"height":288,"caption":"L&amp;S HOLDING GROUP"},"image":{"@id":"https:\/\/lsholding-group.mg\/#\/schema\/logo\/image\/"}}]}},"_links":{"self":[{"href":"https:\/\/lsholding-group.mg\/index.php\/wp-json\/wp\/v2\/pages\/58","targetHints":{"allow":["GET"]}}],"collection":[{"href":"https:\/\/lsholding-group.mg\/index.php\/wp-json\/wp\/v2\/pages"}],"about":[{"href":"https:\/\/lsholding-group.mg\/index.php\/wp-json\/wp\/v2\/types\/page"}],"author":[{"embeddable":true,"href":"https:\/\/lsholding-group.mg\/index.php\/wp-json\/wp\/v2\/users\/1"}],"replies":[{"embeddable":true,"href":"https:\/\/lsholding-group.mg\/index.php\/wp-json\/wp\/v2\/comments?post=58"}],"version-history":[{"count":29,"href":"https:\/\/lsholding-group.mg\/index.php\/wp-json\/wp\/v2\/pages\/58\/revisions"}],"predecessor-version":[{"id":161,"href":"https:\/\/lsholding-group.mg\/index.php\/wp-json\/wp\/v2\/pages\/58\/revisions\/161"}],"wp:featuredmedia":[{"embeddable":true,"href":"https:\/\/lsholding-group.mg\/index.php\/wp-json\/wp\/v2\/media\/60"}],"wp:attachment":[{"href":"https:\/\/lsholding-group.mg\/index.php\/wp-json\/wp\/v2\/media?parent=58"}],"curies":[{"name":"wp","href":"https:\/\/api.w.org\/{rel}","templated":true}]}}